{"id":1113,"date":"2024-02-08T15:27:07","date_gmt":"2024-02-08T15:27:07","guid":{"rendered":"https:\/\/www.pepeginer.com\/?page_id=1113"},"modified":"2024-02-08T15:27:08","modified_gmt":"2024-02-08T15:27:08","slug":"cookies-policy","status":"publish","type":"page","link":"https:\/\/www.pepeginer.com\/en\/cookies-policy\/","title":{"rendered":"Cookies policy"},"content":{"rendered":"<p>Este Website utiliza cookies y\/o tecnolog\u00edas similares propias, que almacenan y recuperan informaci\u00f3n cuando navegas. A continuaci\u00f3n puede consultar las cookies y\/o tecnolog\u00edas similares utilizadas en este Website.<\/p>\n<h2 class=\"entry-title\">COOKIES PROPIAS<\/h2>\n<h2 class=\"entry-title\">T\u00e9cnicas o necesarias<\/h2>\n<p>Las cookies t\u00e9cnicas o estrictamente necesarias son aquellas que permiten al usuario la navegaci\u00f3n a trav\u00e9s de una p\u00e1gina web y la utilizaci\u00f3n de las diferentes opciones o servicios que en ella se ofrecen, como, por ejemplo, controlar el tr\u00e1fico y la comunicaci\u00f3n de datos, identificar la sesi\u00f3n, acceder a partes de acceso restringido, recordar los elementos que integran un pedido, realizar el proceso de compra de un pedido, gestionar el pago, controlar el fraude vinculado a la seguridad del servicio, realizar la solicitud de inscripci\u00f3n o participaci\u00f3n en un evento, utilizar elementos de seguridad durante la navegaci\u00f3n, almacenar contenidos para la difusi\u00f3n de v\u00eddeos o sonido, habilitar contenidos din\u00e1micos (por ejemplo, animaci\u00f3n de carga de un texto o imagen), compartir contenidos a trav\u00e9s de redes sociales o personalizar la interfaz de usuario siempre que sea \u00e9ste quien elija las opciones de personalizaci\u00f3n que desee. La base legal que legitima este tratamiento es la ejecuci\u00f3n y mantenimiento del servicio solicitado por el usuario. Estas cookies permanecer\u00e1n activas mientras el usuario permanezca en el Website.<\/p>\n<h2 class=\"entry-title\">M\u00c1S INFORMACI\u00d3N SOBRE TRATAMIENTO DE DATOS PERSONALES<\/h2>\n<p>Puede consultar m\u00e1s informaci\u00f3n sobre el tratamiento de sus datos personales accediendo a nuestra Pol\u00edtica de Privacidad.<\/p>\n","protected":false},"excerpt":{"rendered":"<p>Este Website utiliza cookies y\/o tecnolog\u00edas similares propias, que almacenan y recuperan informaci\u00f3n cuando navegas. A continuaci\u00f3n puede consultar las cookies y\/o tecnolog\u00edas similares utilizadas en este Website. Las cookies t\u00e9cnicas o estrictamente necesarias son aquellas que permiten al usuario&#8230;<\/p>\n","protected":false},"author":3,"featured_media":0,"parent":0,"menu_order":0,"comment_status":"closed","ping_status":"closed","template":"","meta":{"footnotes":""},"class_list":["post-1113","page","type-page","status-publish","hentry"],"_links":{"self":[{"href":"https:\/\/www.pepeginer.com\/en\/wp-json\/wp\/v2\/pages\/1113","targetHints":{"allow":["GET"]}}],"collection":[{"href":"https:\/\/www.pepeginer.com\/en\/wp-json\/wp\/v2\/pages"}],"about":[{"href":"https:\/\/www.pepeginer.com\/en\/wp-json\/wp\/v2\/types\/page"}],"author":[{"embeddable":true,"href":"https:\/\/www.pepeginer.com\/en\/wp-json\/wp\/v2\/users\/3"}],"replies":[{"embeddable":true,"href":"https:\/\/www.pepeginer.com\/en\/wp-json\/wp\/v2\/comments?post=1113"}],"version-history":[{"count":1,"href":"https:\/\/www.pepeginer.com\/en\/wp-json\/wp\/v2\/pages\/1113\/revisions"}],"predecessor-version":[{"id":1114,"href":"https:\/\/www.pepeginer.com\/en\/wp-json\/wp\/v2\/pages\/1113\/revisions\/1114"}],"wp:attachment":[{"href":"https:\/\/www.pepeginer.com\/en\/wp-json\/wp\/v2\/media?parent=1113"}],"curies":[{"name":"wp","href":"https:\/\/api.w.org\/{rel}","templated":true}]}}